
{"id":53,"date":"2019-08-07T12:59:34","date_gmt":"2019-08-07T10:59:34","guid":{"rendered":"http:\/\/purbarcelona.com\/?page_id=53"},"modified":"2019-08-21T16:54:43","modified_gmt":"2019-08-21T14:54:43","slug":"notes-legals","status":"publish","type":"page","link":"https:\/\/purbarcelona.com\/ca\/notes-legals\/","title":{"rendered":"Notes legals"},"content":{"rendered":"<p><em>Informaci\u00f3 general<\/em><br \/>\nEn compliment de la llei 34\/2002, d\u201911 de juliol, de serveis de la societat de la informaci\u00f3 i del comer\u00e7 electr\u00f2nic:<\/p>\n<p>&nbsp;<\/p>\n<p>Titular de la p\u00e0gina web: Nando Jubany SL est\u00e0 domiciliada a Calldetenes, a la carretera de Sant Hilari, sense n\u00famero. Inscrita en el Registre Mercantil de Barcelona, al volum 34.454, foli 39, full B-247.232, inscripci\u00f3 1\u00aa i C.I.F. B-62834270. Adre\u00e7a de correu electr\u00f2nic de contacte: info@canjubany.com \u00e9s l\u2019adre\u00e7a web de www.canjubany.com mitjan\u00e7ant la qual ofereix als usuaris d\u2019Internet informaci\u00f3 sobre l\u2019empresa i els serveis que ofereix. Tel. 93 889 10 23.<\/p>\n<p>&nbsp;<\/p>\n<p><em>Propietat intel\u00b7lectual<br \/>\n<\/em>\u00a9 Copyright 2018 Nando Jubany SL, tots els drets d\u2019explotaci\u00f3 estan reservats. Els drets de propietat intel\u00b7lectual sobre el contingut \u00edntegre d\u2019aquesta p\u00e0gina web s\u00f3n propietat de Nando Jubany SL. Queda prohibida la reproducci\u00f3, retransmissi\u00f3, c\u00f2pia, cessi\u00f3 o difusi\u00f3 total o parcial del seu contingut sense autoritzaci\u00f3 expressa i per escrit. Aix\u00ed com tampoc s\u2019autoritza:-<\/p>\n<p>&nbsp;<\/p>\n<p>&#8211; Presentaci\u00f3 d\u2019una p\u00e0gina del lloc web en una finestra que no pertany a Nando Jubany SL per mitj\u00e0 de \u201cframing\u201d.<br \/>\n&#8211; La inserci\u00f3 d\u2019una imatge difosa al lloc web en una p\u00e0gina que no \u00e9s de Nando Jubany SL mitjan\u00e7ant \u201cin line linking\u201d.<br \/>\n&#8211; L\u2019extracci\u00f3 d\u2019elements del lloc web causant perjudici a Nando Jubany SL conforme les disposicions vigents.<\/p>\n<p>&nbsp;<\/p>\n<p><em>Responsabilitat dels continguts i dels enlla\u00e7os<\/em><br \/>\nNando Jubany SL no assumeix la responsabilitat de les infraccions que els usuaris puguin inc\u00f3rrer o dels danys i perjudicis causats per la utilitzaci\u00f3 d\u2019aquesta web i es reserva el dret d\u2019actualitzaci\u00f3 i modificaci\u00f3 de la informaci\u00f3 sense previ av\u00eds. Nando Jubany SL no assumeix la responsabilitat del contingut, veracitat i errors en els enlla\u00e7os als quals es pot accedir a trav\u00e9s de la p\u00e0gina web. La \u00fanica finalitat dels enlla\u00e7os \u00e9s la de proporcionar als usuaris l\u2019acc\u00e9s a una informaci\u00f3 que pot ser del seu inter\u00e8s.<\/p>\n<p>&nbsp;<\/p>\n<p><em>Dades de car\u00e0cter personal: pol\u00edtica de privacitat<\/em><br \/>\nLes dades que l\u2019usuari faciliti volunt\u00e0riament a trav\u00e9s d\u2019aquesta p\u00e0gina web, seran objecte de tractament automatitzat i s\u2019incorporaran a un fitxer propietat de Nando Jubany SL a utilitzar les seves dades personals per funcions comercials, permetent enviar informacions publicit\u00e0ries relacionades amb els seus productes i serveis. Les seves dades podran ser cedides a altres empreses amb finalitats promocionals i publicit\u00e0ries.. Segons estableix la Llei Org\u00e0nica 15\/1999, de 13 de desembre, de protecci\u00f3 de dades de car\u00e0cter personal, qualsevol usuari pot exercir el dret d\u2019acc\u00e9s, rectificaci\u00f3, cancel\u00b7laci\u00f3 i oposici\u00f3 de les seves dades personals facilitades, dirigint-se per escrit a:<\/p>\n<p>&nbsp;<\/p>\n<p>Nando Jubany SL<br \/>\nCan Jubany<br \/>\nCarretera de Sant Hilari s\/n<br \/>\nCalldetenes<br \/>\n<a href=\"mailto:info@canjubany.com\">info@canjubany.com<\/a><\/p>\n<p>&nbsp;<\/p>\n<p>El sistema de navegaci\u00f3 i el software necessaris pel funcionament d\u2019aquest lloc web recull, en el curs normal per al seu exercici, algunes dades personals la transmissi\u00f3 de les quals \u00e9s impl\u00edcita en l\u2019\u00fas dels protocols de comunicaci\u00f3 d\u2019Internet. Es tracta d\u2019informaci\u00f3 que no \u00e9s obtinguda per \u00e9sser associada a interessats identificats, per\u00f2 que per la seva naturalesa podrien, mitjan\u00e7ant la seva elaboraci\u00f3 o associaci\u00f3 amb dades de tercers, permetre\u2019n la identificaci\u00f3. Aquestes dades s\u2019utilitzen amb l\u2019exclusiva finalitat d\u2019obtenir informaci\u00f3 estad\u00edstica an\u00f2nima sobre l\u2019\u00fas del lloc web, aix\u00ed com tamb\u00e9 per controlar-ne el correcte funcionament t\u00e8cnic i es cancel\u00b7len immediatament despr\u00e9s de la seva elaboraci\u00f3.<\/p>\n<p>&nbsp;<\/p>\n<p><em>Llei i jurisdicci\u00f3 aplicable<\/em><br \/>\nLes anteriors condicions es regiran per la normativa espanyola.<\/p>\n","protected":false},"excerpt":{"rendered":"<p>Informaci\u00f3 general En compliment de la llei 34\/2002, d\u201911 de juliol, de serveis de la societat de la informaci\u00f3 i del comer\u00e7 electr\u00f2nic: &nbsp; Titular de la p\u00e0gina web: Nando Jubany SL est\u00e0 domiciliada a Calldetenes, a la carretera de Sant Hilari, sense n\u00famero. Inscrita en el Registre Mercantil de Barcelona, al volum 34.454, foli [&hellip;]<\/p>\n","protected":false},"author":1,"featured_media":0,"parent":0,"menu_order":61,"comment_status":"closed","ping_status":"closed","template":"app-controller\/notes_legals.php","meta":{"_acf_changed":false,"footnotes":""},"class_list":["post-53","page","type-page","status-publish","hentry"],"acf":[],"_links":{"self":[{"href":"https:\/\/purbarcelona.com\/ca\/wp-json\/wp\/v2\/pages\/53","targetHints":{"allow":["GET"]}}],"collection":[{"href":"https:\/\/purbarcelona.com\/ca\/wp-json\/wp\/v2\/pages"}],"about":[{"href":"https:\/\/purbarcelona.com\/ca\/wp-json\/wp\/v2\/types\/page"}],"author":[{"embeddable":true,"href":"https:\/\/purbarcelona.com\/ca\/wp-json\/wp\/v2\/users\/1"}],"replies":[{"embeddable":true,"href":"https:\/\/purbarcelona.com\/ca\/wp-json\/wp\/v2\/comments?post=53"}],"version-history":[{"count":0,"href":"https:\/\/purbarcelona.com\/ca\/wp-json\/wp\/v2\/pages\/53\/revisions"}],"wp:attachment":[{"href":"https:\/\/purbarcelona.com\/ca\/wp-json\/wp\/v2\/media?parent=53"}],"curies":[{"name":"wp","href":"https:\/\/api.w.org\/{rel}","templated":true}]}}