
{"id":55,"date":"2019-08-07T13:00:12","date_gmt":"2019-08-07T11:00:12","guid":{"rendered":"http:\/\/purbarcelona.com\/?page_id=55"},"modified":"2024-05-22T10:42:31","modified_gmt":"2024-05-22T08:42:31","slug":"politica-de-cookies","status":"publish","type":"page","link":"https:\/\/purbarcelona.com\/ca\/politica-de-cookies\/","title":{"rendered":"Pol\u00edtica de cookies"},"content":{"rendered":"<p>\u00daltima data d\u2019actualitzaci\u00f3<br \/>\n21 de maig de 2024.<\/p>\n<p>&nbsp;<\/p>\n<h5>Configurador de cookies<\/h5>\n<div class=\"cookie-policy-p\">\n<p>Pot accedir al configurador de cookies en tot moment clicant <a class=\"cky-banner-element\" style=\"cursor:pointer\">aqu\u00ed<\/a>. <\/p>\n<\/div>\n<p>&nbsp;<\/p>\n<h5>Qu\u00e8 s\u00f3n les cookies?<\/h5>\n<div class=\"cookie-policy-p\">\n<p>Una cookie \u00e9s un fitxer que es descarrega als dispositius a l&#8217;accedir a determinades p\u00e0gines web, plataformes o aplicacions, per emmagatzemar i recuperar informaci\u00f3 mentre l\u2019usuari accedeix als seus continguts. <\/p>\n<p>&nbsp;<\/p>\n<p>Les cookies poden servir per finalitats molt diverses, com per exemple, recon\u00e8ixer l\u2019usuari, obtenir informaci\u00f3 sobre els h\u00e0bits de navegaci\u00f3 de l\u2019usuari, o personalitzar la manera en qu\u00e8 es mostra el contingut a l\u2019usuari. <\/p>\n<\/div>\n<p>&nbsp;<\/p>\n<h5>Quines cookies s\u2019utilitzen en aquesta p\u00e0gina web?<\/h5>\n<div class=\"cookie-policy-p\">\n<p>L\u2019\u00fas concret que es fa en aquesta p\u00e0gina web de les cookies es descriu a continuaci\u00f3. <\/p>\n<\/div>\n<div class=\"cky-audit-table-element\"><\/div>\n<p>&nbsp;<\/p>\n<div class=\"cookie-policy-p\">\n<p>Pots informar-te de les transfer\u00e8ncies a tercers pa\u00efsos que, en el seu cas, realitzin els tercers aqu\u00ed identificats, a les seves pol\u00edtiques de cookies.<\/p>\n<p>&nbsp;<\/p>\n<p>Es considerar\u00e0 que existeix tractament de dades personals a trav\u00e9s de les cookies quan l\u2019usuari s\u2019hagi identificat a trav\u00e9s d\u2019un nom o d\u2019una adre\u00e7a d\u2019e-mail que l\u2019identifiqui, o b\u00e9 quan utilitzi identificadors \u00fanics que permetin distingir uns determinats usuaris de la resta i realitzar-ne un seguiment individual. Per obtenir informaci\u00f3 addicional i detallada sobre els drets de l\u2019usuari i del tractament de les seves dades personals realitzades a trav\u00e9s de les cookies d\u2019aquesta p\u00e0gina web, pot consultar la pol\u00edtica de privacitat <a href=\"https:\/\/purbarcelona.com\/ca\/privacitat\/\">aqu\u00ed<\/a>. <\/p>\n<\/div>\n<p>&nbsp;<\/p>\n<h5>Acceptaci\u00f3, rebuig i configuraci\u00f3 de les cookies<\/h5>\n<div>\n<p>Segons l&#8217;indicat en l&#8217;apartat anterior, vost\u00e8 pot donar el seu consentiment per a l&#8217;\u00fas en el seu dispositiu de totes les cookies:<\/p>\n<p>&nbsp;<\/p>\n<ul>\n<li>Al clicar el bot\u00f3 &#8220;Acceptar cookies&#8221; del banner de cookies disponible en aquesta p\u00e0gina web, o<\/li>\n<li>Al clicar el bot\u00f3 &#8220;Acceptar totes&#8221; al configurador de cookies d&#8217;aquesta p\u00e0gina web, al que podr\u00e0 accedir a trav\u00e9s del banner de cookies o a trav\u00e9s de la present pol\u00edtica, o<\/li>\n<li>Al seleccionar totes les opcions previstes i clicant a continuaci\u00f3 el bot\u00f3 &#8220;Guardar configuraci\u00f3&#8221; al configurador de cookies d&#8217;aquesta p\u00e0gina web, al que podr\u00e0 accedir a trav\u00e9s del banner de cookies o a trav\u00e9s de la present pol\u00edtica<\/li>\n<\/ul>\n<p>&nbsp;<\/p>\n<p>D&#8217;altra banda, segons el que indica l&#8217;apartat anterior, vost\u00e8 pot rebutjar el seu consentiment per a l&#8217;\u00fas de totes les cookies esmentades en el seu dispositiu:<\/p>\n<p>&nbsp;<\/p>\n<ul>\n<li>Al clicar el bot\u00f3 &#8220;Rebutjar cookies&#8221; del banner de cookies disponible en aquesta p\u00e0gina web, o<\/li>\n<li>Al clicar el bot\u00f3 &#8220;Rebutjar totes\u201d del configurador de cookies d&#8217;aquesta p\u00e0gina web, al que podr\u00e0 accedir a trav\u00e9s del banner de cookies o a trav\u00e9s de la present pol\u00edtica.<\/li>\n<\/ul>\n<p>&nbsp;<\/p>\n<p>Tingui en compte que si accepta les cookies de tercers, aquestes s\u2019hauran d\u2019eliminar des de les opcions del navegador o des del sistema ofert pel propi tercer a tal fi.<\/p>\n<p>&nbsp;<\/p>\n<p>Li recordem que pot esborrar l&#8217;historial de navegaci\u00f3 (incloent-hi les cookies) del seu navegador, consultant les opcions i instruccions proporcionades pel seu navegador.<\/p>\n<p>&nbsp;<\/p>\n<p>Vost\u00e8 pot escollir en qualsevol moment, d&#8217;entre les cookies esmentades, quines cookies permet i qu\u00e8 cookies rebutja per a l&#8217;\u00fas al dispositiu, i prestar el seu consentiment a tal fi. Al configurador de cookies d&#8217;aquesta p\u00e0gina web pot habilitar les cookies que decideixi permetre al dispositiu, o b\u00e9 evitar l\u2019activaci\u00f3 d\u2019aquelles cookies que decideixi no permetre al dispositiu, seleccionant-les o deseleccionant-les respectivament i clicant a continuaci\u00f3 el bot\u00f3 &#8220;Guardar configuraci\u00f3&#8221;.<\/p>\n<p>&nbsp;<\/p>\n<p>A m\u00e9s a m\u00e9s, pot accedir a informaci\u00f3 addicional sobre com habilitar, eliminar i\/o administrar l&#8217;\u00fas de les cookies, mitjan\u00e7ant el navegador corresponent, tal i com s\u2019indica a continuaci\u00f3:<\/p>\n<p>&nbsp;<\/p>\n<p><a href=\"http:\/\/windows.microsoft.com\/es-ES\/windows-vista\/Block-or-allow-cookies\" target=\"_blank\" rel=\"noopener\">Microsoft Internet Explorer: http:\/\/windows.microsoft.com\/es-ES\/windows-vista\/Block-or-allow-cookies<\/a><br \/>\n<a href=\"http:\/\/support.mozilla.org\/es\/kb\/habilitar-y-deshabilitar-cookies-que-los-sitios-we\" target=\"_blank\" rel=\"noopener\">Firefox: http:\/\/support.mozilla.org\/es\/kb\/habilitar-y-deshabilitar-cookies-que-los-sitios-we<\/a><br \/>\n<a href=\"http:\/\/support.apple.com\/kb\/HT1677?viewlocale=es_ES\" target=\"_blank\" rel=\"noopener\">Safari: http:\/\/support.apple.com\/kb\/HT1677?viewlocale=es_ES<\/a><br \/>\n<a href=\"https:\/\/support.google.com\/chrome\/answer\/95647?hl=es\" target=\"_blank\" rel=\"noopener\">Google Chrome: https:\/\/support.google.com\/chrome\/answer\/95647?hl=es<\/a><br \/>\n<a href=\"https:\/\/help.opera.com\/en\/latest\/web-preferences\/#cookies\" target=\"_blank\" rel=\"noopener\">Opera: https:\/\/help.opera.com\/en\/latest\/web-preferences\/#cookies<\/a><\/p>\n<p>&nbsp;<\/p>\n<h5>Canvis a la pol\u00edtica<\/h5>\n<div class=\"cookie-policy-p\">\n<p>La present Pol\u00edtica de Cookies es podr\u00e0 modificar quan aix\u00ed ho exigeixi la legislaci\u00f3 vigent en cada moment o quan hi hagu\u00e9s alguna variaci\u00f3 en el tipus de cookies utilitzades a la p\u00e0gina web. <\/p>\n<\/div>\n<p>&nbsp;<\/p>\n<h5>Contacte<\/h5>\n<div class=\"cookie-policy-p\">\n<p>Si desitja m\u00e9s informaci\u00f3 sobre l&#8217;\u00fas de cookies d\u2019aquesta p\u00e0gina web, pot dirigir-se a rgpd@canjubany.com.<\/p>\n<\/div>\n","protected":false},"excerpt":{"rendered":"<p>\u00daltima data d\u2019actualitzaci\u00f3 21 de maig de 2024. &nbsp; Configurador de cookies Pot accedir al configurador de cookies en tot moment clicant aqu\u00ed. &nbsp; Qu\u00e8 s\u00f3n les cookies? Una cookie \u00e9s un fitxer que es descarrega als dispositius a l&#8217;accedir a determinades p\u00e0gines web, plataformes o aplicacions, per emmagatzemar i recuperar informaci\u00f3 mentre l\u2019usuari accedeix [&hellip;]<\/p>\n","protected":false},"author":1,"featured_media":0,"parent":0,"menu_order":65,"comment_status":"closed","ping_status":"closed","template":"app-controller\/cookies.php","meta":{"_acf_changed":false,"footnotes":""},"class_list":["post-55","page","type-page","status-publish","hentry"],"acf":[],"_links":{"self":[{"href":"https:\/\/purbarcelona.com\/ca\/wp-json\/wp\/v2\/pages\/55","targetHints":{"allow":["GET"]}}],"collection":[{"href":"https:\/\/purbarcelona.com\/ca\/wp-json\/wp\/v2\/pages"}],"about":[{"href":"https:\/\/purbarcelona.com\/ca\/wp-json\/wp\/v2\/types\/page"}],"author":[{"embeddable":true,"href":"https:\/\/purbarcelona.com\/ca\/wp-json\/wp\/v2\/users\/1"}],"replies":[{"embeddable":true,"href":"https:\/\/purbarcelona.com\/ca\/wp-json\/wp\/v2\/comments?post=55"}],"version-history":[{"count":7,"href":"https:\/\/purbarcelona.com\/ca\/wp-json\/wp\/v2\/pages\/55\/revisions"}],"predecessor-version":[{"id":3694,"href":"https:\/\/purbarcelona.com\/ca\/wp-json\/wp\/v2\/pages\/55\/revisions\/3694"}],"wp:attachment":[{"href":"https:\/\/purbarcelona.com\/ca\/wp-json\/wp\/v2\/media?parent=55"}],"curies":[{"name":"wp","href":"https:\/\/api.w.org\/{rel}","templated":true}]}}