
{"id":1104,"date":"2019-08-07T12:59:34","date_gmt":"2019-08-07T10:59:34","guid":{"rendered":"http:\/\/purbarcelona.com\/notes-legals\/"},"modified":"2019-08-21T17:06:36","modified_gmt":"2019-08-21T15:06:36","slug":"notas-legales","status":"publish","type":"page","link":"https:\/\/purbarcelona.com\/es\/notas-legales\/","title":{"rendered":"Notas legales"},"content":{"rendered":"<p><em>Informaci\u00f3n general<\/em><br \/>\nEn cumplimiento de la ley 34\/2002, de 11 de julio, de los servicios de la sociedad de la informaci\u00f3n y del comercio electr\u00f3nico:<\/p>\n<p>&nbsp;<\/p>\n<p>Titular de la p\u00e1gina web: Nando Jubany SL est\u00e1 domiciliada en Calldetenes, en la carretera de Sant Hilari, sin n\u00famero. Inscrita en el Registro Mercantil de Barcelona, \u200b\u200bal volumen 34.454, folio 39, hoja B-247.232, inscripci\u00f3n 1\u00aa i C.I.F. B &#8211; 62834270. Direcci\u00f3n de correo electr\u00f3nico de contacto: info@canjubany.com, es la direcci\u00f3n web de <a href=\"https:\/\/www.canjubany.com\">www.canjubany.com<\/a> con la cual ofrece a los usuarios de Internet informaci\u00f3n sobre la empresa y los servicios que ofrece. Tel. 93 889 10 23.<\/p>\n<p>&nbsp;<\/p>\n<p><em>Propiedad intelectual<\/em><br \/>\n\u00a9 Copyright 2018 Nando Jubany SL, todos los derechos de explotaci\u00f3n est\u00e1n reservados. Los derechos de propiedad intelectual sobre el contenido \u00edntegro de esta p\u00e1gina web son propiedad de Nando Jubany SL. Queda prohibida la reproducci\u00f3n, retransmisi\u00f3n, copia, sesi\u00f3n o difusi\u00f3n total o parcial de su contenido sin autorizaci\u00f3n expresa y por escrito. As\u00ed como tampoco se autoriza:<\/p>\n<p>&nbsp;<\/p>\n<p>&#8211; Presentaci\u00f3n de una p\u00e1gina del sitio web en una ventana que no sea de Nando Jubany SL por medio de \u201cframing\u201d<br \/>\n&#8211; La inserci\u00f3n de una imagen difusa al sitio web en una p\u00e1gina que no sea de Nando Jubany SL por medio de un \u201cin line linking\u201d<br \/>\n&#8211; La extracci\u00f3n de elementos del sitio web causando un perjuicio a Nando Jubany SL conforme las disposiciones vigentes.<\/p>\n<p>&nbsp;<\/p>\n<p><em>Responsabilidad de los contenidos y de los enlaces<\/em><br \/>\nNando Jubany SL no asume la responsabilidad de las infracciones que los usuarios puedan incurrir o de los da\u00f1os y perjuicios causados por la utilizaci\u00f3n de esta web y se reserva el derecho de actualizaci\u00f3n y modificaci\u00f3n de la informaci\u00f3n sin previo aviso. Nando Jubany SL no asume la responsabilidad del contenido, veracidad y errores en los enlaces a los que se puede acceder a trav\u00e9s de la p\u00e1gina web. La \u00fanica finalidad de los enlaces es la de proporcionar a los usuarios el acceso a una informaci\u00f3n que puede ser de su inter\u00e9s.<\/p>\n<p>&nbsp;<\/p>\n<p><em>Datos de car\u00e1cter personal: pol\u00edtica de privacidad<\/em><br \/>\nLos datos que el usuario facilite voluntariamente a trav\u00e9s de esta p\u00e1gina web ser\u00e1n objeto de tratamiento automatizado y se incorporar\u00e1n a un fichero propiedad de Nando Jubany SL a utilizar sus datos personales para funciones comerciales, permitiendo enviar informaciones publicitarias relacionadas con sus productos y servicios. Sus datos podr\u00e1n ser cedidos a otras empresas con fines promocionales y publicitarios. Seg\u00fan establece la Ley Org\u00e1nica 15\/1999, de 13 de diciembre, de protecci\u00f3n de datos de car\u00e1cter personal, cualquier usuario puede ejercer el derecho de acceso, rectificaci\u00f3n, cancelaci\u00f3n y oposici\u00f3n de sus datos personales facilitados, dirigi\u00e9ndose por escrito a:<\/p>\n<p>&nbsp;<\/p>\n<p>Nando Jubany SL<br \/>\nCan Jubany<br \/>\nCarretera de Sant Hilari s\/n<br \/>\nCalldetenes<br \/>\n<a href=\"mailto:info@canjubany.com\">info@canjubany.com<\/a><\/p>\n<p>&nbsp;<\/p>\n<p>El sistema de navegaci\u00f3n y el software necesarios para el funcionamiento de este sitio web recoge, en el curso normal para su ejercicio, algunos datos personales cuya transmisi\u00f3n est\u00e1 impl\u00edcita en el uso de los protocolos de comunicaci\u00f3n de Internet. Se trata de informaci\u00f3n que no es obtenida para ser asociada a interesados identificados, pero que por su naturaleza podr\u00edan, mediante su elaboraci\u00f3n o asociaci\u00f3n con datos de terceros, permitir su identificaci\u00f3n. Estos datos se utilizan con la exclusiva finalidad de obtener informaci\u00f3n estad\u00edstica an\u00f3nima sobre el uso del sitio web, as\u00ed como tambi\u00e9n para controlar su correcto funcionamiento t\u00e9cnico y se cancelan inmediatamente despu\u00e9s de su elaboraci\u00f3n.<\/p>\n<p>&nbsp;<\/p>\n<p><em>Ley y jurisdicci\u00f3n aplicable<\/em><br \/>\nLes anteriors condicions es regiran per la normativa espanyola. En alguns navegadors es poden configurar regles espec\u00edfiques per administrar galetes per lloc web, cosa que ofereix un control m\u00e9s prec\u00eds de la privacitat. Aix\u00f2 vol dir que podeu inhabilitar<\/p>\n<p>&nbsp;<\/p>\n","protected":false},"excerpt":{"rendered":"<p>Informaci\u00f3n general En cumplimiento de la ley 34\/2002, de 11 de julio, de los servicios de la sociedad de la informaci\u00f3n y del comercio electr\u00f3nico: &nbsp; Titular de la p\u00e1gina web: Nando Jubany SL est\u00e1 domiciliada en Calldetenes, en la carretera de Sant Hilari, sin n\u00famero. Inscrita en el Registro Mercantil de Barcelona, \u200b\u200bal volumen [&hellip;]<\/p>\n","protected":false},"author":1,"featured_media":0,"parent":0,"menu_order":58,"comment_status":"closed","ping_status":"closed","template":"app-controller\/notes_legals.php","meta":{"_acf_changed":false,"footnotes":""},"class_list":["post-1104","page","type-page","status-publish","hentry"],"acf":[],"_links":{"self":[{"href":"https:\/\/purbarcelona.com\/es\/wp-json\/wp\/v2\/pages\/1104","targetHints":{"allow":["GET"]}}],"collection":[{"href":"https:\/\/purbarcelona.com\/es\/wp-json\/wp\/v2\/pages"}],"about":[{"href":"https:\/\/purbarcelona.com\/es\/wp-json\/wp\/v2\/types\/page"}],"author":[{"embeddable":true,"href":"https:\/\/purbarcelona.com\/es\/wp-json\/wp\/v2\/users\/1"}],"replies":[{"embeddable":true,"href":"https:\/\/purbarcelona.com\/es\/wp-json\/wp\/v2\/comments?post=1104"}],"version-history":[{"count":0,"href":"https:\/\/purbarcelona.com\/es\/wp-json\/wp\/v2\/pages\/1104\/revisions"}],"wp:attachment":[{"href":"https:\/\/purbarcelona.com\/es\/wp-json\/wp\/v2\/media?parent=1104"}],"curies":[{"name":"wp","href":"https:\/\/api.w.org\/{rel}","templated":true}]}}