
{"id":1114,"date":"2019-08-07T13:00:12","date_gmt":"2019-08-07T11:00:12","guid":{"rendered":"http:\/\/purbarcelona.com\/politica-de-cookies\/"},"modified":"2024-05-22T10:43:29","modified_gmt":"2024-05-22T08:43:29","slug":"politica-de-cookies","status":"publish","type":"page","link":"https:\/\/purbarcelona.com\/es\/politica-de-cookies\/","title":{"rendered":"Pol\u00edtica de cookies"},"content":{"rendered":"<p>\u00daltima fecha de actualizaci\u00f3n<br \/>\n21 de mayo de 2024.<\/p>\n<p>&nbsp;<\/p>\n<h5>Configurador de cookies<\/h5>\n<p class=\"cookie-policy-p\">Puede acceder al configurador de cookies en todo momento clicando <a class=\"cky-banner-element\" style=\"cursor: pointer;\">aqu\u00ed<\/a>.<\/p>\n<p>&nbsp;<\/p>\n<div><\/div>\n<h5>\u00bfQu\u00e9 son las cookies?<\/h5>\n<div class=\"cookie-policy-p\">\n<p>Una cookie es un archivo que se descarga en los dispositivos al acceder a determinadas p\u00e1ginas web, plataformas o aplicaciones, para almacenar y recuperar informaci\u00f3n mientras el usuario accede a sus contenidos.Las cookies pueden servir para fines muy diversos, como por ejemplo, reconocer al usuario, obtener informaci\u00f3n sobre los h\u00e1bitos de navegaci\u00f3n del usuario, o personalizar la manera en que se muestra el contenido al usuario.<\/p>\n<p>&nbsp;<\/p>\n<\/div>\n<h5>\u00bfQu\u00e9 cookies se utilizan en esta p\u00e1gina web?<\/h5>\n<p class=\"cookie-policy-p\">El uso concreto que se hace en esta p\u00e1gina web de las cookies se describe a continuaci\u00f3n.<\/p>\n<div class=\"cky-audit-table-element\"><\/div>\n<p>&nbsp;<\/p>\n<div class=\"cookie-policy-p\">\n<p>Puedes informarte de las transferencias a terceros pa\u00edses que, en su caso, realicen los terceros aqu\u00ed identificados, en sus pol\u00edticas de cookies.Se considerar\u00e1 que existe tratamiento de datos personales a trav\u00e9s de las cookies cuando el usuario se haya identificado a trav\u00e9s de un nombre o de una direcci\u00f3n de e-mail que lo identifique, o bien cuando utilice identificadores \u00fanicos que permitan distinguir a unos determinados usuarios del resto y realizar un seguimiento individual. Para obtener informaci\u00f3n adicional y detallada sobre los derechos del usuario y del tratamiento de sus datos personales realizados a trav\u00e9s de las cookies de esta p\u00e1gina web, puede consultar la pol\u00edtica de privacidad <a href=\"https:\/\/purbarcelona.com\/es\/privacidad\/\">aqu\u00ed<\/a>.<\/p>\n<\/div>\n<p>&nbsp;<\/p>\n<h5>Aceptaci\u00f3n, rechazo y configuraci\u00f3n de las cookies<\/h5>\n<div>\n<p>Seg\u00fan lo indicado en el apartado anterior, usted puede dar su consentimiento para el uso en su dispositivo de todas las cookies:<\/p>\n<p>&nbsp;<\/p>\n<ul>\n<li>Al clicar el bot\u00f3n \u00abAceptar cookies\u00bb del banner de cookies disponible en esta p\u00e1gina web, o<\/li>\n<li>Al clicar el bot\u00f3n \u00abAceptar todas\u00bb en el configurador de cookies de esta p\u00e1gina web, al que podr\u00e1 acceder a trav\u00e9s del banner de cookies o a trav\u00e9s de la presente pol\u00edtica, o<\/li>\n<li>Al seleccionar todas las opciones previstas y clicando a continuaci\u00f3n el bot\u00f3n \u00abGuardar configuraci\u00f3n\u00bb en el configurador de cookies de esta p\u00e1gina web, al que podr\u00e1 acceder a trav\u00e9s del banner de cookies o a trav\u00e9s de la presente pol\u00edtica<\/li>\n<\/ul>\n<p>&nbsp;<\/p>\n<p>Por otro lado, seg\u00fan lo que indica el apartado anterior, usted puede rechazar su consentimiento para el uso de todas las cookies mencionadas en su dispositivo:<\/p>\n<p>&nbsp;<\/p>\n<ul>\n<li>Al clicar el bot\u00f3n \u00abRechazar cookies\u00bb del banner de cookies disponible en esta p\u00e1gina web, o<\/li>\n<li>Al clicar el bot\u00f3n \u00abRechazar todas\u201d del configurador de cookies de esta p\u00e1gina web, al que podr\u00e1 acceder a trav\u00e9s del banner de cookies o a trav\u00e9s de la presente pol\u00edtica.<\/li>\n<\/ul>\n<p>&nbsp;<\/p>\n<p>Tenga en cuenta que si acepta las cookies de terceros, estas se deber\u00e1n eliminar desde las opciones del navegador o desde el sistema ofrecido por el propio tercero a tal fin.<\/p>\n<p>&nbsp;<\/p>\n<p>Le recordamos que puede borrar el historial de navegaci\u00f3n (incluyendo las cookies) de su navegador, consultando las opciones e instrucciones proporcionadas por su navegador.<\/p>\n<p>&nbsp;<\/p>\n<p>Usted puede elegir en cualquier momento, de entre las cookies mencionadas, cu\u00e1les cookies permite y qu\u00e9 cookies rechaza para el uso en el dispositivo, y prestar su consentimiento a tal fin. En el configurador de cookies de esta p\u00e1gina web puede habilitar las cookies que decida permitir en el dispositivo, o bien evitar la activaci\u00f3n de aquellas cookies que decida no permitir en el dispositivo, seleccion\u00e1ndolas o deseleccion\u00e1ndolas respectivamente y clicando a continuaci\u00f3n el bot\u00f3n \u00abGuardar configuraci\u00f3n\u00bb.<\/p>\n<p>&nbsp;<\/p>\n<p>Adem\u00e1s, puede acceder a informaci\u00f3n adicional sobre c\u00f3mo habilitar, eliminar y\/o administrar el uso de las cookies, mediante el navegador correspondiente, tal y como se indica a continuaci\u00f3n:<\/p>\n<p>&nbsp;<\/p>\n<p><a href=\"http:\/\/windows.microsoft.com\/es-ES\/windows-vista\/Block-or-allow-cookies\" target=\"_blank\" rel=\"noopener\">Microsoft Internet Explorer: http:\/\/windows.microsoft.com\/es-ES\/windows-vista\/Block-or-allow-cookies<\/a><br \/>\n<a href=\"http:\/\/support.mozilla.org\/es\/kb\/habilitar-y-deshabilitar-cookies-que-los-sitios-we\" target=\"_blank\" rel=\"noopener\">Firefox: http:\/\/support.mozilla.org\/es\/kb\/habilitar-y-deshabilitar-cookies-que-los-sitios-we<\/a><br \/>\n<a href=\"http:\/\/support.apple.com\/kb\/HT1677?viewlocale=es_ES\" target=\"_blank\" rel=\"noopener\">Safari: http:\/\/support.apple.com\/kb\/HT1677?viewlocale=es_ES<\/a><br \/>\n<a href=\"https:\/\/support.google.com\/chrome\/answer\/95647?hl=es\" target=\"_blank\" rel=\"noopener\">Google Chrome: https:\/\/support.google.com\/chrome\/answer\/95647?hl=es<\/a><br \/>\n<a href=\"https:\/\/help.opera.com\/en\/latest\/web-preferences\/#cookies\" target=\"_blank\" rel=\"noopener\">Opera: https:\/\/help.opera.com\/en\/latest\/web-preferences\/#cookies<\/a><\/p>\n<h5><\/h5>\n<\/div>\n<h5><\/h5>\n<p>&nbsp;<\/p>\n<div>\n<h5>Cambios en la pol\u00edtica<\/h5>\n<p class=\"cookie-policy-p\">La presente Pol\u00edtica de Cookies se podr\u00e1 modificar cuando as\u00ed lo exija la legislaci\u00f3n vigente en cada momento o cuando haya alguna variaci\u00f3n en el tipo de cookies utilizadas en la p\u00e1gina web.<\/p>\n<p>&nbsp;<\/p>\n<\/div>\n<div>\n<h5>Contacto<\/h5>\n<p class=\"cookie-policy-p\">Si desea m\u00e1s informaci\u00f3n sobre el uso de cookies de esta p\u00e1gina web, puede dirigirse a rgpd@canjubany.com.<\/p>\n<\/div>\n","protected":false},"excerpt":{"rendered":"<p>\u00daltima fecha de actualizaci\u00f3n 21 de mayo de 2024. &nbsp; Configurador de cookies Puede acceder al configurador de cookies en todo momento clicando aqu\u00ed. &nbsp; \u00bfQu\u00e9 son las cookies? Una cookie es un archivo que se descarga en los dispositivos al acceder a determinadas p\u00e1ginas web, plataformas o aplicaciones, para almacenar y recuperar informaci\u00f3n mientras [&hellip;]<\/p>\n","protected":false},"author":1,"featured_media":0,"parent":0,"menu_order":65,"comment_status":"closed","ping_status":"closed","template":"app-controller\/cookies.php","meta":{"_acf_changed":false,"footnotes":""},"class_list":["post-1114","page","type-page","status-publish","hentry"],"acf":[],"_links":{"self":[{"href":"https:\/\/purbarcelona.com\/es\/wp-json\/wp\/v2\/pages\/1114","targetHints":{"allow":["GET"]}}],"collection":[{"href":"https:\/\/purbarcelona.com\/es\/wp-json\/wp\/v2\/pages"}],"about":[{"href":"https:\/\/purbarcelona.com\/es\/wp-json\/wp\/v2\/types\/page"}],"author":[{"embeddable":true,"href":"https:\/\/purbarcelona.com\/es\/wp-json\/wp\/v2\/users\/1"}],"replies":[{"embeddable":true,"href":"https:\/\/purbarcelona.com\/es\/wp-json\/wp\/v2\/comments?post=1114"}],"version-history":[{"count":11,"href":"https:\/\/purbarcelona.com\/es\/wp-json\/wp\/v2\/pages\/1114\/revisions"}],"predecessor-version":[{"id":3695,"href":"https:\/\/purbarcelona.com\/es\/wp-json\/wp\/v2\/pages\/1114\/revisions\/3695"}],"wp:attachment":[{"href":"https:\/\/purbarcelona.com\/es\/wp-json\/wp\/v2\/media?parent=1114"}],"curies":[{"name":"wp","href":"https:\/\/api.w.org\/{rel}","templated":true}]}}